{"id":1355,"date":"2023-07-07T13:54:48","date_gmt":"2023-07-07T11:54:48","guid":{"rendered":"https:\/\/kapiteincrewing.nl\/prezentare-generala-a-posturilor-vacante\/"},"modified":"2025-09-25T14:44:57","modified_gmt":"2025-09-25T12:44:57","slug":"prezentare-generala-a-posturilor-vacante","status":"publish","type":"page","link":"https:\/\/kapiteincrewing.nl\/ro\/prezentare-generala-a-posturilor-vacante\/","title":{"rendered":"Prezentare general\u0103 a posturilor vacante"},"content":{"rendered":"","protected":false},"excerpt":{"rendered":"","protected":false},"author":1,"featured_media":0,"parent":0,"menu_order":0,"comment_status":"closed","ping_status":"closed","template":"","meta":{"footnotes":""},"class_list":["post-1355","page","type-page","status-publish","hentry"],"yoast_head":"<!-- This site is optimized with the Yoast SEO plugin v26.1.1 - https:\/\/yoast.com\/wordpress\/plugins\/seo\/ -->\n<title>Kapitein Crewing - Locuri de munc\u0103 vacante<\/title>\n<meta name=\"description\" content=\"O prezentare general\u0103 a tuturor posturilor vacante deschise \u00een prezent la Kapitein Crewing. Este jobul t\u0103u maritim de vis printre ele? Ia leg\u0103tura cu noi!\" \/>\n<meta name=\"robots\" content=\"index, follow, max-snippet:-1, max-image-preview:large, max-video-preview:-1\" \/>\n<link rel=\"canonical\" href=\"https:\/\/kapiteincrewing.nl\/vacatures\/\" \/>\n<meta property=\"og:locale\" content=\"ro_RO\" \/>\n<meta property=\"og:type\" content=\"article\" \/>\n<meta property=\"og:title\" content=\"Kapitein Crewing - Locuri de munc\u0103 vacante\" \/>\n<meta property=\"og:description\" content=\"O prezentare general\u0103 a tuturor posturilor vacante deschise \u00een prezent la Kapitein Crewing. Este jobul t\u0103u maritim de vis printre ele? Ia leg\u0103tura cu noi!\" \/>\n<meta property=\"og:url\" content=\"https:\/\/kapiteincrewing.nl\/vacatures\/\" \/>\n<meta property=\"og:site_name\" content=\"Kapitein Crewing\" \/>\n<meta property=\"article:modified_time\" content=\"2025-09-25T12:44:57+00:00\" \/>\n<meta name=\"twitter:card\" content=\"summary_large_image\" \/>\n<script type=\"application\/ld+json\" class=\"yoast-schema-graph\">{\"@context\":\"https:\/\/schema.org\",\"@graph\":[{\"@type\":\"WebPage\",\"@id\":\"https:\/\/kapiteincrewing.nl\/vacatures\/\",\"url\":\"https:\/\/kapiteincrewing.nl\/vacatures\/\",\"name\":\"Kapitein Crewing - Locuri de munc\u0103 vacante\",\"isPartOf\":{\"@id\":\"https:\/\/kapiteincrewing.nl\/#website\"},\"datePublished\":\"2023-07-07T11:54:48+00:00\",\"dateModified\":\"2025-09-25T12:44:57+00:00\",\"description\":\"O prezentare general\u0103 a tuturor posturilor vacante deschise \u00een prezent la Kapitein Crewing. Este jobul t\u0103u maritim de vis printre ele? Ia leg\u0103tura cu noi!\",\"breadcrumb\":{\"@id\":\"https:\/\/kapiteincrewing.nl\/vacatures\/#breadcrumb\"},\"inLanguage\":\"ro-RO\",\"potentialAction\":[{\"@type\":\"ReadAction\",\"target\":[\"https:\/\/kapiteincrewing.nl\/vacatures\/\"]}]},{\"@type\":\"BreadcrumbList\",\"@id\":\"https:\/\/kapiteincrewing.nl\/vacatures\/#breadcrumb\",\"itemListElement\":[{\"@type\":\"ListItem\",\"position\":1,\"name\":\"Home\",\"item\":\"https:\/\/kapiteincrewing.nl\/\"},{\"@type\":\"ListItem\",\"position\":2,\"name\":\"Prezentare general\u0103 a posturilor vacante\"}]},{\"@type\":\"WebSite\",\"@id\":\"https:\/\/kapiteincrewing.nl\/#website\",\"url\":\"https:\/\/kapiteincrewing.nl\/\",\"name\":\"Kapitein Crewing\",\"description\":\"Recht door zee\",\"potentialAction\":[{\"@type\":\"SearchAction\",\"target\":{\"@type\":\"EntryPoint\",\"urlTemplate\":\"https:\/\/kapiteincrewing.nl\/?s={search_term_string}\"},\"query-input\":{\"@type\":\"PropertyValueSpecification\",\"valueRequired\":true,\"valueName\":\"search_term_string\"}}],\"inLanguage\":\"ro-RO\"}]}<\/script>\n<!-- \/ Yoast SEO plugin. -->","yoast_head_json":{"title":"Kapitein Crewing - Locuri de munc\u0103 vacante","description":"O prezentare general\u0103 a tuturor posturilor vacante deschise \u00een prezent la Kapitein Crewing. Este jobul t\u0103u maritim de vis printre ele? Ia leg\u0103tura cu noi!","robots":{"index":"index","follow":"follow","max-snippet":"max-snippet:-1","max-image-preview":"max-image-preview:large","max-video-preview":"max-video-preview:-1"},"canonical":"https:\/\/kapiteincrewing.nl\/vacatures\/","og_locale":"ro_RO","og_type":"article","og_title":"Kapitein Crewing - Locuri de munc\u0103 vacante","og_description":"O prezentare general\u0103 a tuturor posturilor vacante deschise \u00een prezent la Kapitein Crewing. Este jobul t\u0103u maritim de vis printre ele? Ia leg\u0103tura cu noi!","og_url":"https:\/\/kapiteincrewing.nl\/vacatures\/","og_site_name":"Kapitein Crewing","article_modified_time":"2025-09-25T12:44:57+00:00","twitter_card":"summary_large_image","schema":{"@context":"https:\/\/schema.org","@graph":[{"@type":"WebPage","@id":"https:\/\/kapiteincrewing.nl\/vacatures\/","url":"https:\/\/kapiteincrewing.nl\/vacatures\/","name":"Kapitein Crewing - Locuri de munc\u0103 vacante","isPartOf":{"@id":"https:\/\/kapiteincrewing.nl\/#website"},"datePublished":"2023-07-07T11:54:48+00:00","dateModified":"2025-09-25T12:44:57+00:00","description":"O prezentare general\u0103 a tuturor posturilor vacante deschise \u00een prezent la Kapitein Crewing. Este jobul t\u0103u maritim de vis printre ele? Ia leg\u0103tura cu noi!","breadcrumb":{"@id":"https:\/\/kapiteincrewing.nl\/vacatures\/#breadcrumb"},"inLanguage":"ro-RO","potentialAction":[{"@type":"ReadAction","target":["https:\/\/kapiteincrewing.nl\/vacatures\/"]}]},{"@type":"BreadcrumbList","@id":"https:\/\/kapiteincrewing.nl\/vacatures\/#breadcrumb","itemListElement":[{"@type":"ListItem","position":1,"name":"Home","item":"https:\/\/kapiteincrewing.nl\/"},{"@type":"ListItem","position":2,"name":"Prezentare general\u0103 a posturilor vacante"}]},{"@type":"WebSite","@id":"https:\/\/kapiteincrewing.nl\/#website","url":"https:\/\/kapiteincrewing.nl\/","name":"Kapitein Crewing","description":"Recht door zee","potentialAction":[{"@type":"SearchAction","target":{"@type":"EntryPoint","urlTemplate":"https:\/\/kapiteincrewing.nl\/?s={search_term_string}"},"query-input":{"@type":"PropertyValueSpecification","valueRequired":true,"valueName":"search_term_string"}}],"inLanguage":"ro-RO"}]}},"_links":{"self":[{"href":"https:\/\/kapiteincrewing.nl\/ro\/wp-json\/wp\/v2\/pages\/1355","targetHints":{"allow":["GET"]}}],"collection":[{"href":"https:\/\/kapiteincrewing.nl\/ro\/wp-json\/wp\/v2\/pages"}],"about":[{"href":"https:\/\/kapiteincrewing.nl\/ro\/wp-json\/wp\/v2\/types\/page"}],"author":[{"embeddable":true,"href":"https:\/\/kapiteincrewing.nl\/ro\/wp-json\/wp\/v2\/users\/1"}],"replies":[{"embeddable":true,"href":"https:\/\/kapiteincrewing.nl\/ro\/wp-json\/wp\/v2\/comments?post=1355"}],"version-history":[{"count":1,"href":"https:\/\/kapiteincrewing.nl\/ro\/wp-json\/wp\/v2\/pages\/1355\/revisions"}],"predecessor-version":[{"id":1365,"href":"https:\/\/kapiteincrewing.nl\/ro\/wp-json\/wp\/v2\/pages\/1355\/revisions\/1365"}],"wp:attachment":[{"href":"https:\/\/kapiteincrewing.nl\/ro\/wp-json\/wp\/v2\/media?parent=1355"}],"curies":[{"name":"wp","href":"https:\/\/api.w.org\/{rel}","templated":true}]}}